{"id":5029,"date":"2023-11-28T21:47:31","date_gmt":"2023-11-28T21:47:31","guid":{"rendered":"https:\/\/carpe-wp.yellen-corp.com\/?page_id=5029"},"modified":"2025-03-11T16:53:37","modified_gmt":"2025-03-11T16:53:37","slug":"rerservar-resort-tropical","status":"publish","type":"page","link":"https:\/\/carpe-wp.yellen-corp.com\/index.php\/rerservar-resort-tropical\/","title":{"rendered":"Rerservar Resort Tropical"},"content":{"rendered":"\t\t<div data-elementor-type=\"wp-page\" data-elementor-id=\"5029\" class=\"elementor elementor-5029\" data-elementor-post-type=\"page\">\n\t\t\t\t\t\t\t\t\t<section class=\"has_eae_slider elementor-section elementor-top-section elementor-element elementor-element-9d56390 elementor-section-height-min-height elementor-section-stretched elementor-section-boxed elementor-section-height-default elementor-section-items-middle wpr-particle-no wpr-jarallax-no wpr-parallax-no wpr-sticky-section-no\" data-id=\"9d56390\" data-element_type=\"section\" data-settings=\"{&quot;background_background&quot;:&quot;classic&quot;,&quot;shape_divider_bottom&quot;:&quot;wave-brush&quot;,&quot;stretch_section&quot;:&quot;section-stretched&quot;}\">\n\t\t\t\t\t\t\t<div class=\"elementor-background-overlay\"><\/div>\n\t\t\t\t\t\t<div class=\"elementor-shape elementor-shape-bottom\" data-negative=\"false\">\n\t\t\t<svg xmlns=\"http:\/\/www.w3.org\/2000\/svg\" viewBox=\"0 0 283.5 27.8\" preserveAspectRatio=\"none\">\n\t<path class=\"elementor-shape-fill\" d=\"M283.5,9.7c0,0-7.3,4.3-14,4.6c-6.8,0.3-12.6,0-20.9-1.5c-11.3-2-33.1-10.1-44.7-5.7\ts-12.1,4.6-18,7.4c-6.6,3.2-20,9.6-36.6,9.3C131.6,23.5,99.5,7.2,86.3,8c-1.4,0.1-6.6,0.8-10.5,2c-3.8,1.2-9.4,3.8-17,4.7\tc-3.2,0.4-8.3,1.1-14.2,0.9c-1.5-0.1-6.3-0.4-12-1.6c-5.7-1.2-11-3.1-15.8-3.7C6.5,9.2,0,10.8,0,10.8V0h283.5V9.7z M260.8,11.3\tc-0.7-1-2-0.4-4.3-0.4c-2.3,0-6.1-1.2-5.8-1.1c0.3,0.1,3.1,1.5,6,1.9C259.7,12.2,261.4,12.3,260.8,11.3z M242.4,8.6\tc0,0-2.4-0.2-5.6-0.9c-3.2-0.8-10.3-2.8-15.1-3.5c-8.2-1.1-15.8,0-15.1,0.1c0.8,0.1,9.6-0.6,17.6,1.1c3.3,0.7,9.3,2.2,12.4,2.7\tC239.9,8.7,242.4,8.6,242.4,8.6z M185.2,8.5c1.7-0.7-13.3,4.7-18.5,6.1c-2.1,0.6-6.2,1.6-10,2c-3.9,0.4-8.9,0.4-8.8,0.5\tc0,0.2,5.8,0.8,11.2,0c5.4-0.8,5.2-1.1,7.6-1.6C170.5,14.7,183.5,9.2,185.2,8.5z M199.1,6.9c0.2,0-0.8-0.4-4.8,1.1\tc-4,1.5-6.7,3.5-6.9,3.7c-0.2,0.1,3.5-1.8,6.6-3C197,7.5,199,6.9,199.1,6.9z M283,6c-0.1,0.1-1.9,1.1-4.8,2.5s-6.9,2.8-6.7,2.7\tc0.2,0,3.5-0.6,7.4-2.5C282.8,6.8,283.1,5.9,283,6z M31.3,11.6c0.1-0.2-1.9-0.2-4.5-1.2s-5.4-1.6-7.8-2C15,7.6,7.3,8.5,7.7,8.6\tC8,8.7,15.9,8.3,20.2,9.3c2.2,0.5,2.4,0.5,5.7,1.6S31.2,11.9,31.3,11.6z M73,9.2c0.4-0.1,3.5-1.6,8.4-2.6c4.9-1.1,8.9-0.5,8.9-0.8\tc0-0.3-1-0.9-6.2-0.3S72.6,9.3,73,9.2z M71.6,6.7C71.8,6.8,75,5.4,77.3,5c2.3-0.3,1.9-0.5,1.9-0.6c0-0.1-1.1-0.2-2.7,0.2\tC74.8,5.1,71.4,6.6,71.6,6.7z M93.6,4.4c0.1,0.2,3.5,0.8,5.6,1.8c2.1,1,1.8,0.6,1.9,0.5c0.1-0.1-0.8-0.8-2.4-1.3\tC97.1,4.8,93.5,4.2,93.6,4.4z M65.4,11.1c-0.1,0.3,0.3,0.5,1.9-0.2s2.6-1.3,2.2-1.2s-0.9,0.4-2.5,0.8C65.3,10.9,65.5,10.8,65.4,11.1\tz M34.5,12.4c-0.2,0,2.1,0.8,3.3,0.9c1.2,0.1,2,0.1,2-0.2c0-0.3-0.1-0.5-1.6-0.4C36.6,12.8,34.7,12.4,34.5,12.4z M152.2,21.1\tc-0.1,0.1-2.4-0.3-7.5-0.3c-5,0-13.6-2.4-17.2-3.5c-3.6-1.1,10,3.9,16.5,4.1C150.5,21.6,152.3,21,152.2,21.1z\"\/>\n\t<path class=\"elementor-shape-fill\" d=\"M269.6,18c-0.1-0.1-4.6,0.3-7.2,0c-7.3-0.7-17-3.2-16.6-2.9c0.4,0.3,13.7,3.1,17,3.3\tC267.7,18.8,269.7,18,269.6,18z\"\/>\n\t<path class=\"elementor-shape-fill\" d=\"M227.4,9.8c-0.2-0.1-4.5-1-9.5-1.2c-5-0.2-12.7,0.6-12.3,0.5c0.3-0.1,5.9-1.8,13.3-1.2\tS227.6,9.9,227.4,9.8z\"\/>\n\t<path class=\"elementor-shape-fill\" d=\"M204.5,13.4c-0.1-0.1,2-1,3.2-1.1c1.2-0.1,2,0,2,0.3c0,0.3-0.1,0.5-1.6,0.4\tC206.4,12.9,204.6,13.5,204.5,13.4z\"\/>\n\t<path class=\"elementor-shape-fill\" d=\"M201,10.6c0-0.1-4.4,1.2-6.3,2.2c-1.9,0.9-6.2,3.1-6.1,3.1c0.1,0.1,4.2-1.6,6.3-2.6\tS201,10.7,201,10.6z\"\/>\n\t<path class=\"elementor-shape-fill\" d=\"M154.5,26.7c-0.1-0.1-4.6,0.3-7.2,0c-7.3-0.7-17-3.2-16.6-2.9c0.4,0.3,13.7,3.1,17,3.3\tC152.6,27.5,154.6,26.8,154.5,26.7z\"\/>\n\t<path class=\"elementor-shape-fill\" d=\"M41.9,19.3c0,0,1.2-0.3,2.9-0.1c1.7,0.2,5.8,0.9,8.2,0.7c4.2-0.4,7.4-2.7,7-2.6\tc-0.4,0-4.3,2.2-8.6,1.9c-1.8-0.1-5.1-0.5-6.7-0.4S41.9,19.3,41.9,19.3z\"\/>\n\t<path class=\"elementor-shape-fill\" d=\"M75.5,12.6c0.2,0.1,2-0.8,4.3-1.1c2.3-0.2,2.1-0.3,2.1-0.5c0-0.1-1.8-0.4-3.4,0\tC76.9,11.5,75.3,12.5,75.5,12.6z\"\/>\n\t<path class=\"elementor-shape-fill\" d=\"M15.6,13.2c0-0.1,4.3,0,6.7,0.5c2.4,0.5,5,1.9,5,2c0,0.1-2.7-0.8-5.1-1.4\tC19.9,13.7,15.7,13.3,15.6,13.2z\"\/>\n<\/svg>\t\t<\/div>\n\t\t\t\t\t<div class=\"elementor-container elementor-column-gap-default\">\n\t\t\t\t\t<div class=\"has_eae_slider elementor-column elementor-col-100 elementor-top-column elementor-element elementor-element-78708f3\" data-id=\"78708f3\" data-element_type=\"column\">\n\t\t\t<div class=\"elementor-widget-wrap elementor-element-populated\">\n\t\t\t\t\t\t\t\t<div class=\"elementor-element elementor-element-5f3e677 elementor-widget elementor-widget-heading\" data-id=\"5f3e677\" data-element_type=\"widget\" data-widget_type=\"heading.default\">\n\t\t\t\t<div class=\"elementor-widget-container\">\n\t\t\t<style>\/*! elementor - v3.16.0 - 09-10-2023 *\/\n.elementor-heading-title{padding:0;margin:0;line-height:1}.elementor-widget-heading .elementor-heading-title[class*=elementor-size-]>a{color:inherit;font-size:inherit;line-height:inherit}.elementor-widget-heading .elementor-heading-title.elementor-size-small{font-size:15px}.elementor-widget-heading .elementor-heading-title.elementor-size-medium{font-size:19px}.elementor-widget-heading .elementor-heading-title.elementor-size-large{font-size:29px}.elementor-widget-heading .elementor-heading-title.elementor-size-xl{font-size:39px}.elementor-widget-heading .elementor-heading-title.elementor-size-xxl{font-size:59px}<\/style><h1 class=\"elementor-heading-title elementor-size-default\">Resort Tropical<\/h1>\t\t<\/div>\n\t\t\t\t<\/div>\n\t\t\t\t\t<\/div>\n\t\t<\/div>\n\t\t\t\t\t\t\t<\/div>\n\t\t<\/section>\n\t\t<div class=\"has_eae_slider elementor-element elementor-element-f03bb6c e-flex e-con-boxed wpr-particle-no wpr-jarallax-no wpr-parallax-no wpr-sticky-section-no e-con e-parent\" data-id=\"f03bb6c\" data-element_type=\"container\" data-settings=\"{&quot;content_width&quot;:&quot;boxed&quot;}\" data-core-v316-plus=\"true\">\n\t\t\t\t\t<div class=\"e-con-inner\">\n\t\t\t\t<div class=\"elementor-element elementor-element-a0a1750 elementor-widget__width-auto elementor-widget elementor-widget-wp-widget-mod_vikbooking_currencyconverter\" data-id=\"a0a1750\" data-element_type=\"widget\" data-widget_type=\"wp-widget-mod_vikbooking_currencyconverter.default\">\n\t\t\t\t<div class=\"elementor-widget-container\">\n\t\t\t<div class=\"vbcurconvcontainer-div\" style=\"display: none;\">\r\n        <h5>Moeda de pagamento<\/h5>\r\n\r\n<div class=\"vbcurconvcontainer\" style=\"display:flex\">\r\n        \r\n\t<div class=\"vbcurconv-menu\" style=\"width:100%\">\r\n\t\t<select class=\"modcurconvsel\" name=\"mod_vikbooking_currencyconverter\" onchange=\"vboConvertCurrency(this.value);\">\r\n\t\t\t<option value=\"AOA\" selected=\"selected\">AOA<\/option>\r\n\t\t\t\t<option value=\"EUR\">EUR<\/option>\r\n\t\t\t\t<\/select>\r\n\t<\/div>\r\n<\/div>\r\n\r\n<\/div>\r\n<script type=\"text\/javascript\">\r\nvar sendprices = new Array();\r\nvar vbcurconvbasepath = 'https:\/\/carpe-wp.yellen-corp.com\/wp-content\/plugins\/vikbooking\/modules\/mod_vikbooking_currencyconverter\/images\/flags\/';\r\nvar vbcurconvbaseflag = 'https:\/\/carpe-wp.yellen-corp.com\/wp-content\/plugins\/vikbooking\/modules\/mod_vikbooking_currencyconverter\/images\/flags\/AOA.png';\r\nvar fromCurrency = 'AOA';\r\nvar fromSymbol;\r\nvar pricestaken = 0;\r\nvar control = 1;\r\njQuery(document).ready(function() {\r\n    if(!jQuery('.vbo-search-inpblock').length){\r\n    jQuery('.vbcurconvcontainer-div').fadeIn();\r\n    }\r\n\tif (jQuery(\".vbo_price\").length > 0) {\r\n\t\tjQuery(\".vbo_price\").each(function() {\r\n\t\t\tsendprices.push(jQuery(this).text());\r\n\t\t});\r\n\t\tpricestaken = 1;\r\n\t}\r\n\tif (jQuery(\".vbo_currency\").length > 0) {\r\n\t\tfromSymbol = jQuery(\".vbo_currency\").first().html();\r\n\r\n\t}\r\n\t});\r\nfunction vboConvertCurrency(toCurrency) {\r\n\tif (sendprices.length > 0) {\r\n\t\tjQuery(\".vbo_currency\").text(toCurrency);\r\n\t\tjQuery(\".vbo_price\").text(\"\").addClass(\"vbo_converting\");\r\n\t\tvar modvbocurconvax = jQuery.ajax({\r\n\t\t\ttype: \"POST\",\r\n\t\t\turl: \"https:\/\/carpe-wp.yellen-corp.com\/wp-admin\/admin-ajax.php?task=currencyconverter&action=vikbooking&vik_ajax_client=site\",\r\n\t\t\tdata: {prices: sendprices, fromsymbol: fromSymbol, fromcurrency: fromCurrency, tocurrency: toCurrency, tmpl: \"component\"}\r\n\t\t}).done(function(resp) {\r\n\t\t\tjQuery(\".vbo_price\").removeClass(\"vbo_converting\");\r\n\t\t\tvar convobj = JSON.parse(resp);\r\n\t\t\tif (convobj.hasOwnProperty(\"error\")) {\r\n\t\t\t\talert(convobj.error);\r\n\t\t\t\tvboUndoConversion();\r\n\t\t\t} else {\r\n\t\t\t\tjQuery(\".vbo_currency\").html(convobj[0].symbol);\r\n\t\t\t\tvar price = 0;\r\n\t\t\t\t\/\/console.log('convobj',convobj);\r\n\t\t\t\tdocument.cookie = \"ative_currency=\"+toCurrency+\"; path=\/\";\r\n\t\t\t\tdocument.cookie = \"total_to_pay=\"+convobj[0].price+\"; path=\/\";\r\n\t\t\t\t\r\n\t\t\t\tjQuery(\".vbo_price\").each(function(i) {\r\n\t\t\t\t    \/\/if(price < convobj[i].price){price = convobj[i].price;}\r\n\t\t\t\t\tjQuery(this).text(convobj[i].price);\r\n\t\t\t\t});\r\n\t\t\t\tif (jQuery('.vbcurconv-flag').length) {\r\n\t\t\t\t\tjQuery(\".vbcurconv-flag-img\").attr(\"src\", vbcurconvbasepath+toCurrency+\".png\");\r\n\t\t\t\t\tjQuery(\".vbcurconv-flag-img\").attr(\"alt\", toCurrency);\r\n\t\t\t\t\tjQuery(\".vbcurconv-flag-img\").attr(\"title\", toCurrency);\r\n\t\t\t\t\tjQuery(\".vbcurconv-flag-symb\").html(convobj[0].symbol);\r\n\t\t\t\t}\r\n\t\t\t\tif(toCurrency != '' && window.location.href.includes('task=oconfirm')){window.location.reload();}\r\n\t\t\t}\r\n\t\t}).fail(function(){\r\n\t\t\tjQuery(\".vbo_price\").removeClass(\"vbo_converting\");\r\n\t\t\tvboUndoConversion();\r\n\t\t});\r\n\t} else {\r\n\t\tjQuery(\".modcurconvsel\").val(\"AOA\");\r\n\t}\r\n}\r\nfunction vboUndoConversion() {\r\n\tjQuery(\".vbo_currency\").text(fromSymbol);\r\n\tjQuery(\".vbo_price\").each(function(i) {\r\n\t\tjQuery(this).text(sendprices[i]);\r\n\t});\r\n\tif (jQuery('.vbcurconv-flag').length) {\r\n\t\tjQuery(\".vbcurconv-flag-symb\").text(fromSymbol);\r\n\t\tjQuery(\".vbcurconv-flag-img\").attr(\"src\", vbcurconvbaseflag);\r\n\t\tjQuery(\".vbcurconv-flag-img\").attr(\"alt\", fromCurrency);\r\n\t\tjQuery(\".vbcurconv-flag-img\").attr(\"title\", fromCurrency);\r\n\t}\r\n\tjQuery(\".modcurconvsel\").val(fromCurrency);\r\n}\r\n<\/script>\r\n\t\t<\/div>\n\t\t\t\t<\/div>\n\t\t\t\t\t<\/div>\n\t\t\t\t<\/div>\n\t\t<div class=\"has_eae_slider elementor-element elementor-element-48a030f e-con-full e-flex wpr-jarallax-no wpr-sticky-section-no e-con e-parent\" data-id=\"48a030f\" data-element_type=\"container\" data-settings=\"{&quot;content_width&quot;:&quot;full&quot;,&quot;background_background&quot;:&quot;classic&quot;}\" data-core-v316-plus=\"true\">\n\t\t<div class=\"has_eae_slider elementor-element elementor-element-e1d80c0 e-flex e-con-boxed wpr-particle-no wpr-jarallax-no wpr-parallax-no wpr-sticky-section-no e-con e-child\" data-id=\"e1d80c0\" data-element_type=\"container\" data-settings=\"{&quot;content_width&quot;:&quot;boxed&quot;}\">\n\t\t\t\t\t<div class=\"e-con-inner\">\n\t\t\t\t<div class=\"elementor-element elementor-element-723ce34 elementor-widget elementor-widget-shortcode\" data-id=\"723ce34\" data-element_type=\"widget\" data-widget_type=\"shortcode.default\">\n\t\t\t\t<div class=\"elementor-widget-container\">\n\t\t\t\t\t<div class=\"elementor-shortcode\">\n<div class=\"wrap plugin-container\">\n\n\t\n\t\n\t\n<\/div>\n<\/div>\n\t\t\t\t<\/div>\n\t\t\t\t<\/div>\n\t\t\t\t\t<\/div>\n\t\t\t\t<\/div>\n\t\t\t\t<\/div>\n\t\t<div class=\"has_eae_slider elementor-element elementor-element-c1d059e e-flex e-con-boxed wpr-particle-no wpr-jarallax-no wpr-parallax-no wpr-sticky-section-no e-con e-parent\" data-id=\"c1d059e\" data-element_type=\"container\" data-settings=\"{&quot;background_background&quot;:&quot;classic&quot;,&quot;content_width&quot;:&quot;boxed&quot;}\" data-core-v316-plus=\"true\">\n\t\t\t\t\t<div class=\"e-con-inner\">\n\t\t\t\t<div class=\"elementor-element elementor-element-8acbfb1 eae-pop-btn-type-text elementor-widget elementor-widget-wts-modal-popup\" data-id=\"8acbfb1\" data-element_type=\"widget\" data-widget_type=\"wts-modal-popup.default\">\n\t\t\t\t<div class=\"elementor-widget-container\">\n\t\t\t\t\t<div class=\"eae-popup-wrapper eae-popup-1012510965\" data-id=\"1012510965\"\n\t\t\tdata-preview-modal=\"\" data-close-button-type=\"icon\"\n\t\t\tdata-close-btn=\"fas fa-times\" data-close-in-out=\"true\" data-effect =>\n\t\t\t<a class=\"eae-popup-link icon-position-before\"\n\t\t\tdata-id=\"1012510965\" data-ctrl-id=\"8acbfb1\" href=\"#1012510965\">\n\t\t\t\t\t\t\t\t\t\t\t\t\t\t<span class=\"eae-popup-btn-icon\">\n\t\t\t\t\t\t<i aria-hidden=\"true\" class=\"hm hm-display-condition\"><\/i>\t\t\t\t\t<\/span>\n\t\t\t\t\t\t\t\t\t\t\t\t<span class=\"eae-popup-btn-text\">\n\t\t\t\t\t\t\tNORMAS  RESORT TROPICAL\t\t\t\t\t\t<\/span>\n\t\t\t\t\t\t\t\t\t\t\t\t\t<\/a>\n\t\t<\/div>\n\n\t\t<div id=\"1012510965\" class=\"eae-popup-1012510965 mfp-hide eae-popup-container\">\n\t\t\t<div class=\"eae-popup-content\">\n\t\t\t\t\t\t\t\t\t\t<div class=\"eae-modal-title mfp-title\">\n\t\t\t\t\t\t\tNormas Resort Tropical\t\t\t\t\t\t<\/div>\n\t\t\t\t\t\t\t\t\t\t<div class=\"eae-modal-content\">\n\t\t\t\t\t\t<p>O Resort Carpe Diem foi idealizado a pensar no seu descanso e relaxe. Por essa raz\u00e3o, por experi\u00eancia passada, e pelas caracter\u00edsticas do espa\u00e7o, nomeadamente dimens\u00e3o, dist\u00e2ncia de Luanda, entre outras, \u00e9 importante que observe e respeite as seguintes informa\u00e7\u00f5es:<\/p><p><strong>RESERVAS<\/strong><\/p><p>1.\u00a0 A reserva dos bungalows s\u00f3 \u00e9 v\u00e1lida ap\u00f3s o pagamento de 100% do valor da estadia ou do valor acordado, ao fim do prazo do pagamento a reserva fica automaticamente anulada.<\/p><p>2. Em caso de n\u00e3o compar\u00eancia ou desist\u00eancia sem aviso pr\u00e9vio de at\u00e9 72h, n\u00e3o h\u00e1 possibilidade de remarca\u00e7\u00e3o.<\/p><p>3. N\u00e3o h\u00e1 reembolso de valores e s\u00f3 haver\u00e1 remarca\u00e7\u00e3o desde que esteja em conformidade com o ponto anterior.<\/p><p>4. Ao efectuar a sua reserva sugerimos, informar a ger\u00eancia sobre a data prevista do check-out.<\/p><p><strong>ALOJAMENTO<\/strong><\/p><p>1.\u00a0Check-in | 12h Check-out | 10h.<\/p><p>2. Possibilidade de toler\u00e2ncia no hor\u00e1rio de check-out de Domingo, mediante acordo pr\u00e9vio.<\/p><p>3. O servi\u00e7o de quartos \u00e9 efectuado apenas ap\u00f3s o check-out, salvo mediante a solicita\u00e7\u00e3o do cliente.<\/p><p>4. Tipologia do alojamento: T\/0 com casa de banho privativa.<\/p><p>5. Capacidade do alojamento:<\/p><p>Quartos com lota\u00e7\u00e3o m\u00e1xima de 4 pessoas: 1 cama de casal + 2 camas extras;<br \/>Quartos com lota\u00e7\u00e3o m\u00e1xima de 3 pessoas: 1 cama de casal + 1 cama extra;<br \/>Quartos com lota\u00e7\u00e3o m\u00e1xima de 2 pessoas: 1 cama de casal ou dupla;<\/p><p>6. Todos os quartos est\u00e3o equipados com ar-condicionado e casa de banho privativa. N\u00e3o \u00e9 permitido o uso das tolhas fora dos bungalows.<\/p><p>7. As crian\u00e7as com idade igual ou superior a dois anos ficam em cama extra, tendo em conta que, ser\u00e1 cobrado um valor adicional.<\/p><p>8. O aumento da lota\u00e7\u00e3o (2 pessoas) s\u00f3 \u00e9 permitido com pr\u00e9via autoriza\u00e7\u00e3o da ger\u00eancia.<\/p><p>9. Sempre que se ausentar do bungalow, pedimos que, desligue as luzes, o arcondicionado e as torneiras.<\/p><p>10. Os objectos mobili\u00e1rios e equipamentos dos bungalows, tem como objectivo proporcionar conforto aos h\u00f3spedes pelo que agradecemos que em caso de danos do mesmo, comuniquem a ger\u00eancia do sucedido.<\/p><p>11. A experi\u00eancia que preparamos para si privilegia as actividades exteriores e o contacto com a natureza e regi\u00e3o. Por essa raz\u00e3o, os nossos quartos s\u00e3o livres de televis\u00e3o e outros equipamentos deentretenimento.<\/p><p><strong>RESTAURANTE<\/strong><\/p><p>1.\u00a0Refei\u00e7\u00f5es: o pequeno-almo\u00e7o est\u00e1 inclu\u00eddo no valor da di\u00e1ria e o mesmo \u00e9 servido no restaurante entre as 8:00 e as 10:00 da manh\u00e3.<\/p><p>2. Hor\u00e1rio da cozinha: Almo\u00e7o das 12h:30 \u00e1s16:30\/ Jantar \u00e9 servido das 19h \u00e0s 22h00.<br \/>Nota: Durante o fim de semana e feriados \u00e9 comum recebermos clientes n\u00e3o hospedes, pelo que, para sua comodidade e conforto, reserve com anteced\u00eancia a sua mesa e refei\u00e7\u00e3o.<\/p><p><strong>COMPLEXO<\/strong><\/p><p>1.\u00a0O uso de caixas t\u00e9rmicas dentro do complexo \u00e9 proibido. Para clientes hospedados e com necessidades especiais, pode ser solicitado um frigobar no acto da reserva.<\/p><p>2. S\u00f3 \u00e9 permitido o consumo de alimentos ou bebidas que sejam adquiridas no complexo.<\/p><p>3. Por raz\u00f5es de seguran\u00e7a pedimos a gentileza de n\u00e3o fumarem dentro dos bungalows.<\/p><p>4. Porque a nossa constru\u00e7\u00e3o \u00e9 maioritariamente em madeira, pedimos especial aten\u00e7\u00e3o ao apagar as beatas ou outros incendi\u00e1rios. Foguear em todo o complexo \u00e9 proibido.<\/p><p>5. N\u00e3o nos responsabilizamos por objectos, dinheiro ou outros bens de valor deixados nos bungalows ou outras zonas comuns( Inclu\u00edndo artigos deixado no nosso parque de estacionamento, viaturas e outros.)<\/p><p>6. N\u00e3o \u00e9 permitido o acesso a animais de estima\u00e7\u00e3o.<\/p><p>7. Para sua seguran\u00e7a o uso de loi\u00e7a de vidro \u00e9 permitido apenas no restaurante.<\/p><p>8. Temos dispon\u00edveis na zona balnear sombras e espregui\u00e7adeiras para aluguer. As sombrinhas da praia n\u00e3o est\u00e3o inclu\u00eddas no alojamento, o uso das mesmas tem um custo adicional.<\/p><p>9. A zona da piscina \u00e9 para uso exclusivo dos h\u00f3spedes.<\/p><p>10. Na loja (junto a recep\u00e7\u00e3o) disp\u00f5e de presentes \u00e9tnicos, artigos de praia e de higiene pessoal.<\/p>\t\t\t\t\t<\/div>\n\t\t\t\t\t\t\t\t<\/div>\n\t\t<\/div>\n\t\t\t\t<\/div>\n\t\t\t\t<\/div>\n\t\t\t\t\t<\/div>\n\t\t\t\t<\/div>\n\t\t\t\t\t\t\t<\/div>\n\t\t","protected":false},"excerpt":{"rendered":"<p>Resort Tropical NORMAS RESORT TROPICAL Normas Resort Tropical O Resort Carpe Diem foi idealizado a pensar no seu descanso e relaxe. Por essa raz\u00e3o, por experi\u00eancia passada, e pelas caracter\u00edsticas do espa\u00e7o, nomeadamente dimens\u00e3o, dist\u00e2ncia de Luanda, entre outras, \u00e9 importante que observe e respeite as seguintes informa\u00e7\u00f5es: RESERVAS 1.\u00a0 A reserva dos bungalows s\u00f3 [&hellip;]<\/p>\n","protected":false},"author":1,"featured_media":0,"parent":0,"menu_order":0,"comment_status":"closed","ping_status":"closed","template":"","meta":{"om_disable_all_campaigns":false,"_monsterinsights_skip_tracking":false,"_monsterinsights_sitenote_active":false,"_monsterinsights_sitenote_note":"","_monsterinsights_sitenote_category":0,"_uf_show_specific_survey":0,"_uf_disable_surveys":false,"footnotes":""},"aioseo_notices":[],"yoast_head":"<!-- This site is optimized with the Yoast SEO plugin v21.5 - https:\/\/yoast.com\/wordpress\/plugins\/seo\/ -->\n<title>Rerservar Resort Tropical - Carpe Diem<\/title>\n<meta name=\"robots\" content=\"index, follow, max-snippet:-1, max-image-preview:large, max-video-preview:-1\" \/>\n<link rel=\"canonical\" href=\"https:\/\/carpe-wp.yellen-corp.com\/index.php\/rerservar-resort-tropical\/\" \/>\n<meta property=\"og:locale\" content=\"pt_PT\" \/>\n<meta property=\"og:type\" content=\"article\" \/>\n<meta property=\"og:title\" content=\"Rerservar Resort Tropical - Carpe Diem\" \/>\n<meta property=\"og:description\" content=\"Resort Tropical NORMAS RESORT TROPICAL Normas Resort Tropical O Resort Carpe Diem foi idealizado a pensar no seu descanso e relaxe. Por essa raz\u00e3o, por experi\u00eancia passada, e pelas caracter\u00edsticas do espa\u00e7o, nomeadamente dimens\u00e3o, dist\u00e2ncia de Luanda, entre outras, \u00e9 importante que observe e respeite as seguintes informa\u00e7\u00f5es: RESERVAS 1.\u00a0 A reserva dos bungalows s\u00f3 [&hellip;]\" \/>\n<meta property=\"og:url\" content=\"https:\/\/carpe-wp.yellen-corp.com\/index.php\/rerservar-resort-tropical\/\" \/>\n<meta property=\"og:site_name\" content=\"Carpe Diem\" \/>\n<meta property=\"article:modified_time\" content=\"2025-03-11T16:53:37+00:00\" \/>\n<meta name=\"twitter:card\" content=\"summary_large_image\" \/>\n<meta name=\"twitter:label1\" content=\"Tempo estimado de leitura\" \/>\n\t<meta name=\"twitter:data1\" content=\"4 minutos\" \/>\n<script type=\"application\/ld+json\" class=\"yoast-schema-graph\">{\"@context\":\"https:\/\/schema.org\",\"@graph\":[{\"@type\":\"WebPage\",\"@id\":\"https:\/\/carpe-wp.yellen-corp.com\/index.php\/rerservar-resort-tropical\/\",\"url\":\"https:\/\/carpe-wp.yellen-corp.com\/index.php\/rerservar-resort-tropical\/\",\"name\":\"Rerservar Resort Tropical - Carpe Diem\",\"isPartOf\":{\"@id\":\"https:\/\/carpe-wp.yellen-corp.com\/#website\"},\"datePublished\":\"2023-11-28T21:47:31+00:00\",\"dateModified\":\"2025-03-11T16:53:37+00:00\",\"breadcrumb\":{\"@id\":\"https:\/\/carpe-wp.yellen-corp.com\/index.php\/rerservar-resort-tropical\/#breadcrumb\"},\"inLanguage\":\"pt-PT\",\"potentialAction\":[{\"@type\":\"ReadAction\",\"target\":[\"https:\/\/carpe-wp.yellen-corp.com\/index.php\/rerservar-resort-tropical\/\"]}]},{\"@type\":\"BreadcrumbList\",\"@id\":\"https:\/\/carpe-wp.yellen-corp.com\/index.php\/rerservar-resort-tropical\/#breadcrumb\",\"itemListElement\":[{\"@type\":\"ListItem\",\"position\":1,\"name\":\"In\u00edcio\",\"item\":\"https:\/\/carpe-wp.yellen-corp.com\/\"},{\"@type\":\"ListItem\",\"position\":2,\"name\":\"Rerservar Resort Tropical\"}]},{\"@type\":\"WebSite\",\"@id\":\"https:\/\/carpe-wp.yellen-corp.com\/#website\",\"url\":\"https:\/\/carpe-wp.yellen-corp.com\/\",\"name\":\"Carpe Diem\",\"description\":\"\",\"publisher\":{\"@id\":\"https:\/\/carpe-wp.yellen-corp.com\/#organization\"},\"potentialAction\":[{\"@type\":\"SearchAction\",\"target\":{\"@type\":\"EntryPoint\",\"urlTemplate\":\"https:\/\/carpe-wp.yellen-corp.com\/?s={search_term_string}\"},\"query-input\":\"required name=search_term_string\"}],\"inLanguage\":\"pt-PT\"},{\"@type\":\"Organization\",\"@id\":\"https:\/\/carpe-wp.yellen-corp.com\/#organization\",\"name\":\"Carpe Diem\",\"url\":\"https:\/\/carpe-wp.yellen-corp.com\/\",\"logo\":{\"@type\":\"ImageObject\",\"inLanguage\":\"pt-PT\",\"@id\":\"https:\/\/carpe-wp.yellen-corp.com\/#\/schema\/logo\/image\/\",\"url\":\"https:\/\/carpe-wp.yellen-corp.com\/wp-content\/uploads\/2023\/10\/Carpe-Diem-Logo2.png\",\"contentUrl\":\"https:\/\/carpe-wp.yellen-corp.com\/wp-content\/uploads\/2023\/10\/Carpe-Diem-Logo2.png\",\"width\":3208,\"height\":1132,\"caption\":\"Carpe Diem\"},\"image\":{\"@id\":\"https:\/\/carpe-wp.yellen-corp.com\/#\/schema\/logo\/image\/\"}}]}<\/script>\n<!-- \/ Yoast SEO plugin. -->","yoast_head_json":{"title":"Rerservar Resort Tropical - Carpe Diem","robots":{"index":"index","follow":"follow","max-snippet":"max-snippet:-1","max-image-preview":"max-image-preview:large","max-video-preview":"max-video-preview:-1"},"canonical":"https:\/\/carpe-wp.yellen-corp.com\/index.php\/rerservar-resort-tropical\/","og_locale":"pt_PT","og_type":"article","og_title":"Rerservar Resort Tropical - Carpe Diem","og_description":"Resort Tropical NORMAS RESORT TROPICAL Normas Resort Tropical O Resort Carpe Diem foi idealizado a pensar no seu descanso e relaxe. Por essa raz\u00e3o, por experi\u00eancia passada, e pelas caracter\u00edsticas do espa\u00e7o, nomeadamente dimens\u00e3o, dist\u00e2ncia de Luanda, entre outras, \u00e9 importante que observe e respeite as seguintes informa\u00e7\u00f5es: RESERVAS 1.\u00a0 A reserva dos bungalows s\u00f3 [&hellip;]","og_url":"https:\/\/carpe-wp.yellen-corp.com\/index.php\/rerservar-resort-tropical\/","og_site_name":"Carpe Diem","article_modified_time":"2025-03-11T16:53:37+00:00","twitter_card":"summary_large_image","twitter_misc":{"Tempo estimado de leitura":"4 minutos"},"schema":{"@context":"https:\/\/schema.org","@graph":[{"@type":"WebPage","@id":"https:\/\/carpe-wp.yellen-corp.com\/index.php\/rerservar-resort-tropical\/","url":"https:\/\/carpe-wp.yellen-corp.com\/index.php\/rerservar-resort-tropical\/","name":"Rerservar Resort Tropical - Carpe Diem","isPartOf":{"@id":"https:\/\/carpe-wp.yellen-corp.com\/#website"},"datePublished":"2023-11-28T21:47:31+00:00","dateModified":"2025-03-11T16:53:37+00:00","breadcrumb":{"@id":"https:\/\/carpe-wp.yellen-corp.com\/index.php\/rerservar-resort-tropical\/#breadcrumb"},"inLanguage":"pt-PT","potentialAction":[{"@type":"ReadAction","target":["https:\/\/carpe-wp.yellen-corp.com\/index.php\/rerservar-resort-tropical\/"]}]},{"@type":"BreadcrumbList","@id":"https:\/\/carpe-wp.yellen-corp.com\/index.php\/rerservar-resort-tropical\/#breadcrumb","itemListElement":[{"@type":"ListItem","position":1,"name":"In\u00edcio","item":"https:\/\/carpe-wp.yellen-corp.com\/"},{"@type":"ListItem","position":2,"name":"Rerservar Resort Tropical"}]},{"@type":"WebSite","@id":"https:\/\/carpe-wp.yellen-corp.com\/#website","url":"https:\/\/carpe-wp.yellen-corp.com\/","name":"Carpe Diem","description":"","publisher":{"@id":"https:\/\/carpe-wp.yellen-corp.com\/#organization"},"potentialAction":[{"@type":"SearchAction","target":{"@type":"EntryPoint","urlTemplate":"https:\/\/carpe-wp.yellen-corp.com\/?s={search_term_string}"},"query-input":"required name=search_term_string"}],"inLanguage":"pt-PT"},{"@type":"Organization","@id":"https:\/\/carpe-wp.yellen-corp.com\/#organization","name":"Carpe Diem","url":"https:\/\/carpe-wp.yellen-corp.com\/","logo":{"@type":"ImageObject","inLanguage":"pt-PT","@id":"https:\/\/carpe-wp.yellen-corp.com\/#\/schema\/logo\/image\/","url":"https:\/\/carpe-wp.yellen-corp.com\/wp-content\/uploads\/2023\/10\/Carpe-Diem-Logo2.png","contentUrl":"https:\/\/carpe-wp.yellen-corp.com\/wp-content\/uploads\/2023\/10\/Carpe-Diem-Logo2.png","width":3208,"height":1132,"caption":"Carpe Diem"},"image":{"@id":"https:\/\/carpe-wp.yellen-corp.com\/#\/schema\/logo\/image\/"}}]}},"_links":{"self":[{"href":"https:\/\/carpe-wp.yellen-corp.com\/index.php\/wp-json\/wp\/v2\/pages\/5029"}],"collection":[{"href":"https:\/\/carpe-wp.yellen-corp.com\/index.php\/wp-json\/wp\/v2\/pages"}],"about":[{"href":"https:\/\/carpe-wp.yellen-corp.com\/index.php\/wp-json\/wp\/v2\/types\/page"}],"author":[{"embeddable":true,"href":"https:\/\/carpe-wp.yellen-corp.com\/index.php\/wp-json\/wp\/v2\/users\/1"}],"replies":[{"embeddable":true,"href":"https:\/\/carpe-wp.yellen-corp.com\/index.php\/wp-json\/wp\/v2\/comments?post=5029"}],"version-history":[{"count":142,"href":"https:\/\/carpe-wp.yellen-corp.com\/index.php\/wp-json\/wp\/v2\/pages\/5029\/revisions"}],"predecessor-version":[{"id":7431,"href":"https:\/\/carpe-wp.yellen-corp.com\/index.php\/wp-json\/wp\/v2\/pages\/5029\/revisions\/7431"}],"wp:attachment":[{"href":"https:\/\/carpe-wp.yellen-corp.com\/index.php\/wp-json\/wp\/v2\/media?parent=5029"}],"curies":[{"name":"wp","href":"https:\/\/api.w.org\/{rel}","templated":true}]}}